{"id":575,"date":"2021-10-25T17:26:01","date_gmt":"2021-10-25T17:26:01","guid":{"rendered":"http:\/\/fastwpdemo.com\/newwp\/vezaconslt\/?page_id=575"},"modified":"2025-08-15T02:31:44","modified_gmt":"2025-08-15T00:31:44","slug":"united-states","status":"publish","type":"page","link":"https:\/\/visavie.tn\/?page_id=575","title":{"rendered":"United States"},"content":{"rendered":"\t\t<div data-elementor-type=\"wp-page\" data-elementor-id=\"575\" class=\"elementor elementor-575\">\n\t\t\t\t<div class=\"elementor-element elementor-element-fb1550d e-flex e-con-boxed e-con e-parent\" data-id=\"fb1550d\" data-element_type=\"container\">\n\t\t\t\t\t<div class=\"e-con-inner\">\n\t\t\t\t<div class=\"elementor-element elementor-element-db3baf5 elementor-widget elementor-widget-text-editor\" data-id=\"db3baf5\" data-element_type=\"widget\" data-widget_type=\"text-editor.default\">\n\t\t\t\t<div class=\"elementor-widget-container\">\n\t\t\t\t\t\t\t\t\t<h1><span dir=\"auto\">Visa de visiteur am\u00e9ricain B2<\/span><\/h1><p><span dir=\"auto\">Le visa de visiteur am\u00e9ricain est un visa non-immigrant destin\u00e9 aux personnes souhaitant entrer temporairement aux \u00c9tats-Unis pour des raisons touristiques ou de vacances. Ce visa vous permet d&#8217;entrer aux \u00c9tats-Unis pour le tourisme, les loisirs ou pour rendre visite \u00e0 vos proches. Toute personne souhaitant se rendre aux \u00c9tats-Unis \u00e0 des fins touristiques doit \u00eatre titulaire d&#8217;un visa B2. Ce visa non-immigrant est d\u00e9livr\u00e9 pour diverses raisons, telles que les voyages, les visites \u00e0 la famille ou aux amis, les soins m\u00e9dicaux, etc.<\/span><\/p><h2><strong><span dir=\"auto\">Quel devrait \u00eatre le but du visa de visiteur am\u00e9ricain B2\u00a0?<\/span><\/strong><\/h2><ol><li><span dir=\"auto\">Tourisme<\/span><\/li><li><span dir=\"auto\">Vacances (jour f\u00e9ri\u00e9)<\/span><\/li><li><span dir=\"auto\">Rendre visite \u00e0 des parents ou \u00e0 des amis<\/span><\/li><li><span dir=\"auto\">Traitement m\u00e9dical<\/span><\/li><li><span dir=\"auto\">Participation \u00e0 des \u00e9v\u00e9nements sociaux.<\/span><\/li><li><span dir=\"auto\">accords commerciaux n\u00e9gociables<\/span><\/li><li><span dir=\"auto\">Participer \u00e0 des \u00e9v\u00e9nements et des conf\u00e9rences.<\/span><\/li><\/ol><h2><strong><span dir=\"auto\">Quels sont les crit\u00e8res d\u2019\u00e9ligibilit\u00e9 pour un visa touristique ?\u00a0<\/span><\/strong><\/h2><ol><li><span dir=\"auto\">Prouvez que vous pr\u00e9voyez de rester aux \u00c9tats-Unis pendant une p\u00e9riode limit\u00e9e.<\/span><\/li><li><span dir=\"auto\">Votre objectif est de voyager aux \u00c9tats-Unis pour faire du tourisme ou rencontrer des amis.<\/span><\/li><li><span dir=\"auto\">Participez \u00e0 des \u00e9v\u00e9nements ou concours li\u00e9s \u00e0 la musique ou au sport, pour lesquels vous ne recevrez pas d&#8217;argent.<\/span><\/li><li><span dir=\"auto\">Visite pour traitement m\u00e9dical.<\/span><\/li><li><span dir=\"auto\">Votre projet de rester aux \u00c9tats-Unis pendant une p\u00e9riode sp\u00e9cifique et limit\u00e9e.<\/span><\/li><li><span dir=\"auto\">Preuve de fonds pour couvrir vos d\u00e9penses pendant votre s\u00e9jour aux \u00c9tats-Unis<\/span><\/li><\/ol><h2><strong><span dir=\"auto\">Documents requis pour le visa de visiteur B-2<\/span><\/strong><\/h2><ol><li><span dir=\"auto\">Passeport valide (passeport actuel et ancien). Un passeport valide pour voyager aux \u00c9tats-Unis, dont la date de validit\u00e9 est post\u00e9rieure d&#8217;au moins six mois \u00e0 la date pr\u00e9vue.<\/span><\/li><li><span dir=\"auto\">2 photographies couleur r\u00e9centes, 2 x 2 pouces (51 x 51 mm), prises au cours des six derniers mois.<\/span><\/li><li><span dir=\"auto\">Page de confirmation du formulaire DS-160.<\/span><\/li><li><span dir=\"auto\">D\u00e9clarations de revenus \/ Formulaire 16 des 3 derni\u00e8res ann\u00e9es.<\/span><\/li><li><span dir=\"auto\">Photocopies du statut de votre proche aux \u00c9tats-Unis.<\/span><\/li><li><span dir=\"auto\">Documents financiers justificatifs tels que d\u00e9p\u00f4ts \u00e0 terme, investissements immobiliers, d\u00e9p\u00f4ts r\u00e9currents, tout autre investissement, etc. (facultatif mais conseill\u00e9).<\/span><\/li><li><span dir=\"auto\">Re\u00e7u de paiement des frais de visa am\u00e9ricain.<\/span><\/li><li><span dir=\"auto\">Aucun casier judiciaire.<\/span><\/li><li><span dir=\"auto\">Entretien pour le visa touristique am\u00e9ricain<\/span><\/li><li><span dir=\"auto\">Une lettre qui d\u00e9crit le but de votre voyage.<\/span><\/li><li><span dir=\"auto\">Si vous \u00eates salari\u00e9, une lettre de votre employeur et les bulletins de salaire des trois derniers mois.<\/span><\/li><li><span dir=\"auto\">Si vous venez pour des raisons m\u00e9dicales, veuillez nous envoyer des lettres de m\u00e9decins sur votre diagnostic et votre traitement.<\/span><\/li><\/ol><h2><strong><span dir=\"auto\">Proc\u00e9dure \u00e9tape par \u00e9tape pour obtenir un visa touristique aux \u00c9tats-Unis<\/span><\/strong><\/h2><p><strong><span dir=\"auto\">\u00c9tape 1 :<\/span><\/strong><span dir=\"auto\">\u00a0Choisissez le type de visa qui s&#8217;applique \u00e0 votre situation<\/span><\/p><p><strong><span dir=\"auto\">\u00c9tape 2\u00a0:<\/span><\/strong><span dir=\"auto\">\u00a0L\u2019\u00e9tape suivante consiste \u00e0 remplir le formulaire \u00e9lectronique de demande de visa de non-immigrant (DS-160). Assurez-vous que toutes les informations sont exactes et pr\u00e9cises. Une fois le formulaire soumis, vous ne pourrez plus y apporter de modifications.<\/span><\/p><p><strong><span dir=\"auto\">\u00c9tape 3 :<\/span><\/strong><span dir=\"auto\">\u00a0Une fois que vous avez d\u00e9termin\u00e9 le type de visa appropri\u00e9 et rempli le DS-160, vous devez payer les frais de visa.<\/span><\/p><p><strong><span dir=\"auto\">\u00c9tape 4\u00a0:<\/span><\/strong><span dir=\"auto\">\u00a0Prenez rendez-vous pour votre visa. Vous devez prendre deux rendez-vous\u00a0: un pour le centre de demande de visa (CDV) et un pour l&#8217;entretien de visa \u00e0 l&#8217;ambassade ou au consulat. Les enfants de moins de 14\u00a0ans ne sont pas tenus d&#8217;\u00eatre pr\u00e9sents au rendez-vous au centre de demande de visa ni \u00e0 l&#8217;entretien de visa \u00e0 l&#8217;ambassade ou au consulat. Les accompagnateurs, les tuteurs ou les parents peuvent \u00eatre munis des documents ci-dessus. Commencez par prendre rendez-vous dans un centre de demande de visa. Ce rendez-vous vous permettra de vous rendre dans l&#8217;un des cinq centres de demande de visa pour la prise de vos empreintes digitales et d&#8217;une photo. Ce rendez-vous doit avoir lieu au moins un jour avant votre entretien de visa \u00e0 l&#8217;ambassade ou au consulat.<\/span><\/p><p><span dir=\"auto\">Ensuite, prenez rendez-vous pour votre entretien de visa \u00e0 l&#8217;ambassade ou au consulat. Trois informations sont n\u00e9cessaires pour prendre rendez-vous\u00a0:<\/span><\/p><ol><li><span dir=\"auto\">Votre num\u00e9ro de passeport.<\/span><\/li><li><span dir=\"auto\">La date \u00e0 laquelle vous avez pay\u00e9 vos frais<\/span><\/li><li><span dir=\"auto\">Le num\u00e9ro de code-barres \u00e0 dix (10) chiffres de votre page de confirmation DS-160.<\/span><\/li><\/ol><p><strong><span dir=\"auto\">\u00c9tape 5\u00a0:<\/span><\/strong><span dir=\"auto\">\u00a0Pr\u00e9sentez-vous \u00e0 l&#8217;entretien de visa. Les documents \u00e0 apporter sont\u00a0:<\/span><\/p><ul><li><span dir=\"auto\">Page de confirmation DS-160.<\/span><\/li><li><span dir=\"auto\">Page de confirmation de rendez-vous.<\/span><\/li><li><span dir=\"auto\">Un passeport valide pour voyager aux \u00c9tats-Unis, dont la validit\u00e9 d\u00e9passe d&#8217;au moins six mois la dur\u00e9e pr\u00e9vue de votre s\u00e9jour aux \u00c9tats-Unis. Si plusieurs personnes figurent sur votre passeport, chaque personne souhaitant obtenir un visa doit d\u00e9poser une demande.<\/span><\/li><li><span dir=\"auto\">Une photographie conform\u00e9ment aux sp\u00e9cifications du visa am\u00e9ricain si le demandeur a moins de 14 ans.<\/span><\/li><\/ul><p><strong><span dir=\"auto\">\u00c9tape 6\u00a0:<\/span><\/strong><span dir=\"auto\">\u00a0Apr\u00e8s votre visite au centre de demande de visa pour la prise de votre photo et de vos empreintes digitales, vous vous rendrez \u00e0 l&#8217;ambassade ou au consulat des \u00c9tats-Unis le jour et l&#8217;heure de votre entretien de visa. Vous devez \u00eatre muni des documents suivants\u00a0:<\/span><\/p><ul><li><span dir=\"auto\">Copie imprim\u00e9e de votre lettre de nomination,<\/span><\/li><li><span dir=\"auto\">Page de confirmation DS-160<\/span><\/li><li><span dir=\"auto\">Passeports actuels et tous les anciens passeports<\/span><\/li><li><span dir=\"auto\">Pi\u00e8ces justificatives selon votre type de visa<\/span><\/li><\/ul><p><span dir=\"auto\">Vous devez apporter les documents suivants \u00e0 votre entretien. Les originaux sont toujours pr\u00e9f\u00e9rables aux photocopies et vous devez les apporter \u00e0 l&#8217;entretien.<\/span><\/p><ul><li><span dir=\"auto\">Itin\u00e9raire de voyage et\/ou autre explication sur votre voyage pr\u00e9vu.<\/span><\/li><li><span dir=\"auto\">Preuve actuelle de revenus, de paiements d\u2019imp\u00f4ts, de propri\u00e9t\u00e9 immobili\u00e8re ou commerciale ou d\u2019actifs.<\/span><\/li><li><span dir=\"auto\">Une lettre de votre employeur d\u00e9taillant votre poste, votre salaire, la dur\u00e9e de votre emploi, les vacances autoris\u00e9es et l&#8217;objectif commercial, le cas \u00e9ch\u00e9ant, de votre voyage aux \u00c9tats-Unis.<\/span><\/li><li><span dir=\"auto\">Casier judiciaire\/casier judiciaire relatif \u00e0 toute arrestation ou condamnation, o\u00f9 que ce soit, m\u00eame si vous avez purg\u00e9 votre peine ou si vous avez \u00e9t\u00e9 graci\u00e9 ult\u00e9rieurement.<\/span><\/li><\/ul>\t\t\t\t\t\t\t\t<\/div>\n\t\t\t\t<\/div>\n\t\t\t\t\t<\/div>\n\t\t\t\t<\/div>\n\t\t\t\t<\/div>\n\t\t","protected":false},"excerpt":{"rendered":"<p>Visa de visiteur am\u00e9ricain B2 Le visa de visiteur am\u00e9ricain est un visa non-immigrant destin\u00e9 aux personnes souhaitant entrer temporairement aux \u00c9tats-Unis pour des raisons touristiques ou de vacances. Ce visa vous permet d&#8217;entrer aux \u00c9tats-Unis pour le tourisme, les loisirs ou pour rendre visite \u00e0 vos proches. Toute personne souhaitant se rendre aux \u00c9tats-Unis [&hellip;]<\/p>\n","protected":false},"author":1,"featured_media":0,"parent":548,"menu_order":0,"comment_status":"closed","ping_status":"closed","template":"tpl-default-elementor.php","meta":{"footnotes":""},"class_list":["post-575","page","type-page","status-publish","hentry"],"yoast_head":"<!-- This site is optimized with the Yoast SEO Premium plugin v25.8 (Yoast SEO v25.8) - https:\/\/yoast.com\/wordpress\/plugins\/seo\/ -->\n<title>United States - Visavie<\/title>\n<meta name=\"robots\" content=\"index, follow, max-snippet:-1, max-image-preview:large, max-video-preview:-1\" \/>\n<link rel=\"canonical\" href=\"https:\/\/visavie.tn\/?page_id=575\" \/>\n<meta property=\"og:locale\" content=\"fr_FR\" \/>\n<meta property=\"og:type\" content=\"article\" \/>\n<meta property=\"og:title\" content=\"United States\" \/>\n<meta property=\"og:description\" content=\"Visa de visiteur am\u00e9ricain B2 Le visa de visiteur am\u00e9ricain est un visa non-immigrant destin\u00e9 aux personnes souhaitant entrer temporairement aux \u00c9tats-Unis pour des raisons touristiques ou de vacances. Ce visa vous permet d&#8217;entrer aux \u00c9tats-Unis pour le tourisme, les loisirs ou pour rendre visite \u00e0 vos proches. Toute personne souhaitant se rendre aux \u00c9tats-Unis [&hellip;]\" \/>\n<meta property=\"og:url\" content=\"https:\/\/visavie.tn\/?page_id=575\" \/>\n<meta property=\"og:site_name\" content=\"Visavie\" \/>\n<meta property=\"article:publisher\" content=\"https:\/\/www.facebook.com\/profile.php?id=61579119132610\" \/>\n<meta property=\"article:modified_time\" content=\"2025-08-15T00:31:44+00:00\" \/>\n<meta name=\"twitter:card\" content=\"summary_large_image\" \/>\n<meta name=\"twitter:label1\" content=\"Dur\u00e9e de lecture estim\u00e9e\" \/>\n\t<meta name=\"twitter:data1\" content=\"5 minutes\" \/>\n<script type=\"application\/ld+json\" class=\"yoast-schema-graph\">{\"@context\":\"https:\/\/schema.org\",\"@graph\":[{\"@type\":\"WebPage\",\"@id\":\"https:\/\/visavie.tn\/?page_id=575\",\"url\":\"https:\/\/visavie.tn\/?page_id=575\",\"name\":\"United States - Visavie\",\"isPartOf\":{\"@id\":\"https:\/\/visavie.tn\/#website\"},\"datePublished\":\"2021-10-25T17:26:01+00:00\",\"dateModified\":\"2025-08-15T00:31:44+00:00\",\"breadcrumb\":{\"@id\":\"https:\/\/visavie.tn\/?page_id=575#breadcrumb\"},\"inLanguage\":\"fr-FR\",\"potentialAction\":[{\"@type\":\"ReadAction\",\"target\":[\"https:\/\/visavie.tn\/?page_id=575\"]}]},{\"@type\":\"BreadcrumbList\",\"@id\":\"https:\/\/visavie.tn\/?page_id=575#breadcrumb\",\"itemListElement\":[{\"@type\":\"ListItem\",\"position\":1,\"name\":\"Accueil\",\"item\":\"https:\/\/visavie.tn\/\"},{\"@type\":\"ListItem\",\"position\":2,\"name\":\"Countries\",\"item\":\"https:\/\/visavie.tn\/?page_id=548\"},{\"@type\":\"ListItem\",\"position\":3,\"name\":\"United States\"}]},{\"@type\":\"WebSite\",\"@id\":\"https:\/\/visavie.tn\/#website\",\"url\":\"https:\/\/visavie.tn\/\",\"name\":\"Visavie\",\"description\":\"Le visa est un droit, ce n&#039;est pas un privil\u00e8ge\",\"publisher\":{\"@id\":\"https:\/\/visavie.tn\/#organization\"},\"potentialAction\":[{\"@type\":\"SearchAction\",\"target\":{\"@type\":\"EntryPoint\",\"urlTemplate\":\"https:\/\/visavie.tn\/?s={search_term_string}\"},\"query-input\":{\"@type\":\"PropertyValueSpecification\",\"valueRequired\":true,\"valueName\":\"search_term_string\"}}],\"inLanguage\":\"fr-FR\"},{\"@type\":\"Organization\",\"@id\":\"https:\/\/visavie.tn\/#organization\",\"name\":\"Visavie\",\"url\":\"https:\/\/visavie.tn\/\",\"logo\":{\"@type\":\"ImageObject\",\"inLanguage\":\"fr-FR\",\"@id\":\"https:\/\/visavie.tn\/#\/schema\/logo\/image\/\",\"url\":\"https:\/\/visavie.tn\/wp-content\/uploads\/2025\/08\/cropped-logoweb-copie-2.png\",\"contentUrl\":\"https:\/\/visavie.tn\/wp-content\/uploads\/2025\/08\/cropped-logoweb-copie-2.png\",\"width\":1063,\"height\":250,\"caption\":\"Visavie\"},\"image\":{\"@id\":\"https:\/\/visavie.tn\/#\/schema\/logo\/image\/\"},\"sameAs\":[\"https:\/\/www.facebook.com\/profile.php?id=61579119132610\",\"https:\/\/www.instagram.com\/visavie1\"]}]}<\/script>\n<!-- \/ Yoast SEO Premium plugin. -->","yoast_head_json":{"title":"United States - Visavie","robots":{"index":"index","follow":"follow","max-snippet":"max-snippet:-1","max-image-preview":"max-image-preview:large","max-video-preview":"max-video-preview:-1"},"canonical":"https:\/\/visavie.tn\/?page_id=575","og_locale":"fr_FR","og_type":"article","og_title":"United States","og_description":"Visa de visiteur am\u00e9ricain B2 Le visa de visiteur am\u00e9ricain est un visa non-immigrant destin\u00e9 aux personnes souhaitant entrer temporairement aux \u00c9tats-Unis pour des raisons touristiques ou de vacances. Ce visa vous permet d&#8217;entrer aux \u00c9tats-Unis pour le tourisme, les loisirs ou pour rendre visite \u00e0 vos proches. Toute personne souhaitant se rendre aux \u00c9tats-Unis [&hellip;]","og_url":"https:\/\/visavie.tn\/?page_id=575","og_site_name":"Visavie","article_publisher":"https:\/\/www.facebook.com\/profile.php?id=61579119132610","article_modified_time":"2025-08-15T00:31:44+00:00","twitter_card":"summary_large_image","twitter_misc":{"Dur\u00e9e de lecture estim\u00e9e":"5 minutes"},"schema":{"@context":"https:\/\/schema.org","@graph":[{"@type":"WebPage","@id":"https:\/\/visavie.tn\/?page_id=575","url":"https:\/\/visavie.tn\/?page_id=575","name":"United States - Visavie","isPartOf":{"@id":"https:\/\/visavie.tn\/#website"},"datePublished":"2021-10-25T17:26:01+00:00","dateModified":"2025-08-15T00:31:44+00:00","breadcrumb":{"@id":"https:\/\/visavie.tn\/?page_id=575#breadcrumb"},"inLanguage":"fr-FR","potentialAction":[{"@type":"ReadAction","target":["https:\/\/visavie.tn\/?page_id=575"]}]},{"@type":"BreadcrumbList","@id":"https:\/\/visavie.tn\/?page_id=575#breadcrumb","itemListElement":[{"@type":"ListItem","position":1,"name":"Accueil","item":"https:\/\/visavie.tn\/"},{"@type":"ListItem","position":2,"name":"Countries","item":"https:\/\/visavie.tn\/?page_id=548"},{"@type":"ListItem","position":3,"name":"United States"}]},{"@type":"WebSite","@id":"https:\/\/visavie.tn\/#website","url":"https:\/\/visavie.tn\/","name":"Visavie","description":"Le visa est un droit, ce n&#039;est pas un privil\u00e8ge","publisher":{"@id":"https:\/\/visavie.tn\/#organization"},"potentialAction":[{"@type":"SearchAction","target":{"@type":"EntryPoint","urlTemplate":"https:\/\/visavie.tn\/?s={search_term_string}"},"query-input":{"@type":"PropertyValueSpecification","valueRequired":true,"valueName":"search_term_string"}}],"inLanguage":"fr-FR"},{"@type":"Organization","@id":"https:\/\/visavie.tn\/#organization","name":"Visavie","url":"https:\/\/visavie.tn\/","logo":{"@type":"ImageObject","inLanguage":"fr-FR","@id":"https:\/\/visavie.tn\/#\/schema\/logo\/image\/","url":"https:\/\/visavie.tn\/wp-content\/uploads\/2025\/08\/cropped-logoweb-copie-2.png","contentUrl":"https:\/\/visavie.tn\/wp-content\/uploads\/2025\/08\/cropped-logoweb-copie-2.png","width":1063,"height":250,"caption":"Visavie"},"image":{"@id":"https:\/\/visavie.tn\/#\/schema\/logo\/image\/"},"sameAs":["https:\/\/www.facebook.com\/profile.php?id=61579119132610","https:\/\/www.instagram.com\/visavie1"]}]}},"_links":{"self":[{"href":"https:\/\/visavie.tn\/index.php?rest_route=\/wp\/v2\/pages\/575","targetHints":{"allow":["GET"]}}],"collection":[{"href":"https:\/\/visavie.tn\/index.php?rest_route=\/wp\/v2\/pages"}],"about":[{"href":"https:\/\/visavie.tn\/index.php?rest_route=\/wp\/v2\/types\/page"}],"author":[{"embeddable":true,"href":"https:\/\/visavie.tn\/index.php?rest_route=\/wp\/v2\/users\/1"}],"replies":[{"embeddable":true,"href":"https:\/\/visavie.tn\/index.php?rest_route=%2Fwp%2Fv2%2Fcomments&post=575"}],"version-history":[{"count":3,"href":"https:\/\/visavie.tn\/index.php?rest_route=\/wp\/v2\/pages\/575\/revisions"}],"predecessor-version":[{"id":1021,"href":"https:\/\/visavie.tn\/index.php?rest_route=\/wp\/v2\/pages\/575\/revisions\/1021"}],"up":[{"embeddable":true,"href":"https:\/\/visavie.tn\/index.php?rest_route=\/wp\/v2\/pages\/548"}],"wp:attachment":[{"href":"https:\/\/visavie.tn\/index.php?rest_route=%2Fwp%2Fv2%2Fmedia&parent=575"}],"curies":[{"name":"wp","href":"https:\/\/api.w.org\/{rel}","templated":true}]}}