{"id":591,"date":"2021-10-25T17:38:02","date_gmt":"2021-10-25T17:38:02","guid":{"rendered":"http:\/\/fastwpdemo.com\/newwp\/vezaconslt\/?page_id=591"},"modified":"2025-08-15T02:30:06","modified_gmt":"2025-08-15T00:30:06","slug":"united-kingdom","status":"publish","type":"page","link":"https:\/\/visavie.tn\/?page_id=591","title":{"rendered":"United Kingdom"},"content":{"rendered":"\t\t<div data-elementor-type=\"wp-page\" data-elementor-id=\"591\" class=\"elementor elementor-591\">\n\t\t\t\t<div class=\"elementor-element elementor-element-8b21bf5 e-flex e-con-boxed e-con e-parent\" data-id=\"8b21bf5\" data-element_type=\"container\">\n\t\t\t\t\t<div class=\"e-con-inner\">\n\t\t\t\t<div class=\"elementor-element elementor-element-e5e6598 elementor-widget elementor-widget-text-editor\" data-id=\"e5e6598\" data-element_type=\"widget\" data-widget_type=\"text-editor.default\">\n\t\t\t\t<div class=\"elementor-widget-container\">\n\t\t\t\t\t\t\t\t\t<p><span dir=\"auto\">Le Royaume-Uni est une destination touristique tr\u00e8s pris\u00e9e et vous pouvez en savoir plus sur les s\u00e9jours de courte dur\u00e9e ici. La plupart des visas touristiques sont accord\u00e9s pour une dur\u00e9e maximale de six mois. Le visa de visiteur britannique, \u00e9galement appel\u00e9 visa de visiteur standard, est un visa de court s\u00e9jour permettant \u00e0 son titulaire de s\u00e9journer au Royaume-Uni jusqu&#8217;\u00e0 six mois. Cependant, l&#8217;ambassade est habilit\u00e9e \u00e0 d\u00e9livrer des visas pour une dur\u00e9e plus courte. Ce visa est destin\u00e9 aux personnes souhaitant se rendre au Royaume-Uni pour\u00a0:<\/span><\/p><ol><li><span dir=\"auto\">Tourisme<\/span><\/li><li><span dir=\"auto\">Pour rendre visite aux membres de la famille.<\/span><\/li><li><span dir=\"auto\">Traitement m\u00e9dical.<\/span><\/li><li><span dir=\"auto\">Pour des raisons professionnelles.<\/span><\/li><\/ol><h3><span dir=\"auto\">Le visa de visiteur standard a remplac\u00e9 les types de visas suivants\u00a0:<\/span><\/h3><ol><li><span dir=\"auto\">Visa de visiteur familial.<\/span><\/li><li><span dir=\"auto\">Visa de visiteur g\u00e9n\u00e9ral.<\/span><\/li><li><span dir=\"auto\">Visa de visiteur pour enfant.<\/span><\/li><li><span dir=\"auto\">Visa de visiteur d&#8217;affaires, y compris les visas pour les universitaires, les m\u00e9decins et les dentistes.<\/span><\/li><li><span dir=\"auto\">Visa de visiteur sportif.<\/span><\/li><li><span dir=\"auto\">Visa de visiteur pour artiste.<\/span><\/li><li><span dir=\"auto\">Visa d&#8217;entrepreneur potentiel.<\/span><\/li><li><span dir=\"auto\">Visa de visiteur pour traitement m\u00e9dical priv\u00e9.<\/span><\/li><li><span dir=\"auto\">Visa de statut de destination approuv\u00e9 (ADS).<\/span><\/li><\/ol><h2><strong><span dir=\"auto\">Documents requis pour la demande de visa pour le Royaume-Uni\u00a0:<\/span><\/strong><\/h2><ul><li><span dir=\"auto\">Passeport original valable au moins 6 mois \u00e0 compter de la date d&#8217;entr\u00e9e \u00e0 Singapour avec au moins deux pages vierges<\/span><\/li><li><span dir=\"auto\">Tous les anciens passeports<\/span><\/li><li><span dir=\"auto\">Formulaire de demande de visa en ligne<\/span><\/li><li><span dir=\"auto\">Confirmation de rendez-vous<\/span><\/li><li><span dir=\"auto\">Photographie r\u00e9cente de 35 mm x 45 mm, prise sur fond blanc. Une copie num\u00e9rique et une copie papier de la photographie sont requises.<\/span><\/li><li><span dir=\"auto\">Relev\u00e9 bancaire des 6 derniers mois avec solde suffisant ; mis \u00e0 jour et attest\u00e9<\/span><\/li><li><span dir=\"auto\">D\u00e9clarations de revenus\/Formulaire 16 des 3 derni\u00e8res ann\u00e9es<\/span><\/li><li><span dir=\"auto\">Lettre d&#8217;invitation, copie du passeport ou du permis de s\u00e9jour et justificatif de domicile de la personne qui invite (si vous rendez visite \u00e0 votre famille ou \u00e0 vos amis)<\/span><\/li><li><span dir=\"auto\">Itin\u00e9raire de voyage expliquant le voyage<\/span><\/li><li><span dir=\"auto\">Certificat de cong\u00e9 sanctionn\u00e9, bulletin de salaire des 3 derniers mois, carte de visite de l&#8217;entreprise (si employ\u00e9)<\/span><\/li><li><span dir=\"auto\">Justificatif d&#8217;immatriculation de l&#8217;entreprise, relev\u00e9 bancaire \u00e0 jour, d\u00e9clarations informatiques de l&#8217;entreprise des trois derni\u00e8res ann\u00e9es, carte de visite (si travailleur ind\u00e9pendant)<\/span><\/li><li><span dir=\"auto\">Carte d&#8217;identit\u00e9 scolaire\/coll\u00e9giale (si \u00e9tudiant)<\/span><\/li><li><span dir=\"auto\">Certificat de non-objection (NOC) du parent, pi\u00e8ce d&#8217;identit\u00e9 des parents (si mineur voyageant sans parents)<\/span><\/li><li><span dir=\"auto\">Relev\u00e9 de pension (si retrait\u00e9)<\/span><\/li><li><span dir=\"auto\">Historique de voyages. Il doit couvrir les 10 derni\u00e8res ann\u00e9es.<\/span><\/li><li><span dir=\"auto\">Informations biom\u00e9triques. Si vous demandez un visa vous autorisant \u00e0 s\u00e9journer au Royaume-Uni plus de six mois, vous devrez fournir vos informations biom\u00e9triques.<\/span><\/li><li><span dir=\"auto\">Lettre de parrainage, preuve d&#8217;identit\u00e9 du parrain, relev\u00e9 bancaire mis \u00e0 jour (si parrain\u00e9)<\/span><\/li><li><span dir=\"auto\">Lettre d&#8217;invitation de l&#8217;entreprise d&#8217;accueil, lettre de motivation de l&#8217;entreprise indienne (pour visa d&#8217;affaires)<\/span><\/li><li><span dir=\"auto\">Vos ant\u00e9c\u00e9dents criminels.<\/span><\/li><li><span dir=\"auto\">Si vous \u00eates \u00e9tudiant : Certificats acad\u00e9miques et professionnels.<\/span><\/li><li><span dir=\"auto\">Si vous \u00eates employ\u00e9 dans votre pays d&#8217;origine : Contact et informations de votre employeur actuel.<\/span><\/li><li><span dir=\"auto\">Documents financiers justificatifs tels que d\u00e9p\u00f4ts \u00e0 terme, certificats d&#8217;actions, investissements immobiliers, tout autre investissement, etc. (facultatif)<\/span><\/li><li><span dir=\"auto\">Veuillez noter que la pr\u00e9sence en personne est obligatoire au centre de demande de visa (CDV) pour la biom\u00e9trie et la soumission des documents.<\/span><\/li><\/ul><h3><strong><span dir=\"auto\">Si vous envisagez de suivre un traitement m\u00e9dical priv\u00e9 au Royaume-Uni\u00a0:<\/span><\/strong><\/h3><ul><li><span dir=\"auto\">Lettre confirmant votre \u00e9tat de sant\u00e9. D\u00e9livr\u00e9e par un m\u00e9decin\/consultant britannique, elle pr\u00e9cise votre maladie et la n\u00e9cessit\u00e9 du traitement au Royaume-Uni. Elle doit \u00e9galement indiquer les co\u00fbts, le lieu et la dur\u00e9e du traitement priv\u00e9.<\/span><\/li><li><span dir=\"auto\">Preuve d&#8217;avoir pay\u00e9 la totalit\u00e9 des frais de soins m\u00e9dicaux.<\/span><\/li><li><span dir=\"auto\">Lettre confirmant la n\u00e9cessit\u00e9 de soins suppl\u00e9mentaires (si vous demandez une prolongation de visa). D\u00e9livr\u00e9e par un m\u00e9decin\/consultant britannique, elle confirme la n\u00e9cessit\u00e9 de soins suppl\u00e9mentaires. Elle doit \u00eatre accompagn\u00e9e de documents prouvant que vous disposez des ressources n\u00e9cessaires pour financer ces soins.<\/span><\/li><\/ul><h2><strong><span dir=\"auto\">Processus \u00e9tape par \u00e9tape pour obtenir un visa de visiteur au Royaume-Uni\u00a0?<\/span><\/strong><\/h2><p><strong><span dir=\"auto\">Remplir le formulaire de demande<\/span><\/strong><span dir=\"auto\">\u00a0\u2013 Remplissez votre formulaire de demande de visa. Assurez-vous de bien remplir toutes les informations. Toute information erron\u00e9e peut entra\u00eener le rejet de votre demande.<\/span><\/p><p><strong><span dir=\"auto\">Paiement des frais de traitement \u2013<\/span><\/strong><span dir=\"auto\">\u00a0Apr\u00e8s avoir rempli votre formulaire, vous devrez r\u00e9gler les frais de visa britannique par carte de d\u00e9bit ou de cr\u00e9dit valide. Un visa touristique britannique standard pour l&#8217;Inde co\u00fbte environ 10\u00a0929 roupies.<\/span><\/p><p><strong><span dir=\"auto\">Rendez-vous pour l&#8217;entretien de visa \u2013<\/span><\/strong><span dir=\"auto\">\u00a0Apr\u00e8s avoir effectu\u00e9 votre paiement, vous devez r\u00e9server votre date d&#8217;entretien. Assurez-vous que votre rendez-vous est \u00e0 une date o\u00f9 vous \u00eates disponible. Si vous souhaitez reporter votre rendez-vous, vous devrez remplir \u00e0 nouveau votre demande de visa britannique\u00a0!<\/span><\/p><p><strong><span dir=\"auto\">Ayez tous les documents n\u00e9cessaires \u2013<\/span><\/strong><span dir=\"auto\">\u00a0Lorsque vous vous rendez \u00e0 votre rendez-vous, assurez-vous d\u2019avoir des copies imprim\u00e9es de votre formulaire de demande, de votre re\u00e7u de frais de visa britannique et, bien s\u00fbr, de votre passeport.<\/span><\/p><p><strong><span dir=\"auto\">Documents suppl\u00e9mentaires \u2013<\/span><\/strong><span dir=\"auto\">\u00a0Les documents justificatifs renforcent toujours votre demande de visa de visiteur au Royaume-Uni depuis l\u2019Inde, tels que vos r\u00e9servations de vol provisoires, vos h\u00f4tels, votre assurance voyage au Royaume-Uni, vos copies de passeport, etc.<\/span><\/p>\t\t\t\t\t\t\t\t<\/div>\n\t\t\t\t<\/div>\n\t\t\t\t\t<\/div>\n\t\t\t\t<\/div>\n\t\t\t\t<\/div>\n\t\t","protected":false},"excerpt":{"rendered":"<p>Le Royaume-Uni est une destination touristique tr\u00e8s pris\u00e9e et vous pouvez en savoir plus sur les s\u00e9jours de courte dur\u00e9e ici. La plupart des visas touristiques sont accord\u00e9s pour une dur\u00e9e maximale de six mois. Le visa de visiteur britannique, \u00e9galement appel\u00e9 visa de visiteur standard, est un visa de court s\u00e9jour permettant \u00e0 son [&hellip;]<\/p>\n","protected":false},"author":1,"featured_media":0,"parent":548,"menu_order":0,"comment_status":"closed","ping_status":"closed","template":"tpl-default-elementor.php","meta":{"footnotes":""},"class_list":["post-591","page","type-page","status-publish","hentry"],"yoast_head":"<!-- This site is optimized with the Yoast SEO Premium plugin v25.8 (Yoast SEO v25.8) - https:\/\/yoast.com\/wordpress\/plugins\/seo\/ -->\n<title>United Kingdom - Visavie<\/title>\n<meta name=\"robots\" content=\"index, follow, max-snippet:-1, max-image-preview:large, max-video-preview:-1\" \/>\n<link rel=\"canonical\" href=\"https:\/\/visavie.tn\/?page_id=591\" \/>\n<meta property=\"og:locale\" content=\"fr_FR\" \/>\n<meta property=\"og:type\" content=\"article\" \/>\n<meta property=\"og:title\" content=\"United Kingdom\" \/>\n<meta property=\"og:description\" content=\"Le Royaume-Uni est une destination touristique tr\u00e8s pris\u00e9e et vous pouvez en savoir plus sur les s\u00e9jours de courte dur\u00e9e ici. La plupart des visas touristiques sont accord\u00e9s pour une dur\u00e9e maximale de six mois. Le visa de visiteur britannique, \u00e9galement appel\u00e9 visa de visiteur standard, est un visa de court s\u00e9jour permettant \u00e0 son [&hellip;]\" \/>\n<meta property=\"og:url\" content=\"https:\/\/visavie.tn\/?page_id=591\" \/>\n<meta property=\"og:site_name\" content=\"Visavie\" \/>\n<meta property=\"article:publisher\" content=\"https:\/\/www.facebook.com\/profile.php?id=61579119132610\" \/>\n<meta property=\"article:modified_time\" content=\"2025-08-15T00:30:06+00:00\" \/>\n<meta name=\"twitter:card\" content=\"summary_large_image\" \/>\n<meta name=\"twitter:label1\" content=\"Dur\u00e9e de lecture estim\u00e9e\" \/>\n\t<meta name=\"twitter:data1\" content=\"4 minutes\" \/>\n<script type=\"application\/ld+json\" class=\"yoast-schema-graph\">{\"@context\":\"https:\/\/schema.org\",\"@graph\":[{\"@type\":\"WebPage\",\"@id\":\"https:\/\/visavie.tn\/?page_id=591\",\"url\":\"https:\/\/visavie.tn\/?page_id=591\",\"name\":\"United Kingdom - Visavie\",\"isPartOf\":{\"@id\":\"https:\/\/visavie.tn\/#website\"},\"datePublished\":\"2021-10-25T17:38:02+00:00\",\"dateModified\":\"2025-08-15T00:30:06+00:00\",\"breadcrumb\":{\"@id\":\"https:\/\/visavie.tn\/?page_id=591#breadcrumb\"},\"inLanguage\":\"fr-FR\",\"potentialAction\":[{\"@type\":\"ReadAction\",\"target\":[\"https:\/\/visavie.tn\/?page_id=591\"]}]},{\"@type\":\"BreadcrumbList\",\"@id\":\"https:\/\/visavie.tn\/?page_id=591#breadcrumb\",\"itemListElement\":[{\"@type\":\"ListItem\",\"position\":1,\"name\":\"Accueil\",\"item\":\"https:\/\/visavie.tn\/\"},{\"@type\":\"ListItem\",\"position\":2,\"name\":\"Countries\",\"item\":\"https:\/\/visavie.tn\/?page_id=548\"},{\"@type\":\"ListItem\",\"position\":3,\"name\":\"United Kingdom\"}]},{\"@type\":\"WebSite\",\"@id\":\"https:\/\/visavie.tn\/#website\",\"url\":\"https:\/\/visavie.tn\/\",\"name\":\"Visavie\",\"description\":\"Le visa est un droit, ce n&#039;est pas un privil\u00e8ge\",\"publisher\":{\"@id\":\"https:\/\/visavie.tn\/#organization\"},\"potentialAction\":[{\"@type\":\"SearchAction\",\"target\":{\"@type\":\"EntryPoint\",\"urlTemplate\":\"https:\/\/visavie.tn\/?s={search_term_string}\"},\"query-input\":{\"@type\":\"PropertyValueSpecification\",\"valueRequired\":true,\"valueName\":\"search_term_string\"}}],\"inLanguage\":\"fr-FR\"},{\"@type\":\"Organization\",\"@id\":\"https:\/\/visavie.tn\/#organization\",\"name\":\"Visavie\",\"url\":\"https:\/\/visavie.tn\/\",\"logo\":{\"@type\":\"ImageObject\",\"inLanguage\":\"fr-FR\",\"@id\":\"https:\/\/visavie.tn\/#\/schema\/logo\/image\/\",\"url\":\"https:\/\/visavie.tn\/wp-content\/uploads\/2025\/08\/cropped-logoweb-copie-2.png\",\"contentUrl\":\"https:\/\/visavie.tn\/wp-content\/uploads\/2025\/08\/cropped-logoweb-copie-2.png\",\"width\":1063,\"height\":250,\"caption\":\"Visavie\"},\"image\":{\"@id\":\"https:\/\/visavie.tn\/#\/schema\/logo\/image\/\"},\"sameAs\":[\"https:\/\/www.facebook.com\/profile.php?id=61579119132610\",\"https:\/\/www.instagram.com\/visavie1\"]}]}<\/script>\n<!-- \/ Yoast SEO Premium plugin. -->","yoast_head_json":{"title":"United Kingdom - Visavie","robots":{"index":"index","follow":"follow","max-snippet":"max-snippet:-1","max-image-preview":"max-image-preview:large","max-video-preview":"max-video-preview:-1"},"canonical":"https:\/\/visavie.tn\/?page_id=591","og_locale":"fr_FR","og_type":"article","og_title":"United Kingdom","og_description":"Le Royaume-Uni est une destination touristique tr\u00e8s pris\u00e9e et vous pouvez en savoir plus sur les s\u00e9jours de courte dur\u00e9e ici. La plupart des visas touristiques sont accord\u00e9s pour une dur\u00e9e maximale de six mois. Le visa de visiteur britannique, \u00e9galement appel\u00e9 visa de visiteur standard, est un visa de court s\u00e9jour permettant \u00e0 son [&hellip;]","og_url":"https:\/\/visavie.tn\/?page_id=591","og_site_name":"Visavie","article_publisher":"https:\/\/www.facebook.com\/profile.php?id=61579119132610","article_modified_time":"2025-08-15T00:30:06+00:00","twitter_card":"summary_large_image","twitter_misc":{"Dur\u00e9e de lecture estim\u00e9e":"4 minutes"},"schema":{"@context":"https:\/\/schema.org","@graph":[{"@type":"WebPage","@id":"https:\/\/visavie.tn\/?page_id=591","url":"https:\/\/visavie.tn\/?page_id=591","name":"United Kingdom - Visavie","isPartOf":{"@id":"https:\/\/visavie.tn\/#website"},"datePublished":"2021-10-25T17:38:02+00:00","dateModified":"2025-08-15T00:30:06+00:00","breadcrumb":{"@id":"https:\/\/visavie.tn\/?page_id=591#breadcrumb"},"inLanguage":"fr-FR","potentialAction":[{"@type":"ReadAction","target":["https:\/\/visavie.tn\/?page_id=591"]}]},{"@type":"BreadcrumbList","@id":"https:\/\/visavie.tn\/?page_id=591#breadcrumb","itemListElement":[{"@type":"ListItem","position":1,"name":"Accueil","item":"https:\/\/visavie.tn\/"},{"@type":"ListItem","position":2,"name":"Countries","item":"https:\/\/visavie.tn\/?page_id=548"},{"@type":"ListItem","position":3,"name":"United Kingdom"}]},{"@type":"WebSite","@id":"https:\/\/visavie.tn\/#website","url":"https:\/\/visavie.tn\/","name":"Visavie","description":"Le visa est un droit, ce n&#039;est pas un privil\u00e8ge","publisher":{"@id":"https:\/\/visavie.tn\/#organization"},"potentialAction":[{"@type":"SearchAction","target":{"@type":"EntryPoint","urlTemplate":"https:\/\/visavie.tn\/?s={search_term_string}"},"query-input":{"@type":"PropertyValueSpecification","valueRequired":true,"valueName":"search_term_string"}}],"inLanguage":"fr-FR"},{"@type":"Organization","@id":"https:\/\/visavie.tn\/#organization","name":"Visavie","url":"https:\/\/visavie.tn\/","logo":{"@type":"ImageObject","inLanguage":"fr-FR","@id":"https:\/\/visavie.tn\/#\/schema\/logo\/image\/","url":"https:\/\/visavie.tn\/wp-content\/uploads\/2025\/08\/cropped-logoweb-copie-2.png","contentUrl":"https:\/\/visavie.tn\/wp-content\/uploads\/2025\/08\/cropped-logoweb-copie-2.png","width":1063,"height":250,"caption":"Visavie"},"image":{"@id":"https:\/\/visavie.tn\/#\/schema\/logo\/image\/"},"sameAs":["https:\/\/www.facebook.com\/profile.php?id=61579119132610","https:\/\/www.instagram.com\/visavie1"]}]}},"_links":{"self":[{"href":"https:\/\/visavie.tn\/index.php?rest_route=\/wp\/v2\/pages\/591","targetHints":{"allow":["GET"]}}],"collection":[{"href":"https:\/\/visavie.tn\/index.php?rest_route=\/wp\/v2\/pages"}],"about":[{"href":"https:\/\/visavie.tn\/index.php?rest_route=\/wp\/v2\/types\/page"}],"author":[{"embeddable":true,"href":"https:\/\/visavie.tn\/index.php?rest_route=\/wp\/v2\/users\/1"}],"replies":[{"embeddable":true,"href":"https:\/\/visavie.tn\/index.php?rest_route=%2Fwp%2Fv2%2Fcomments&post=591"}],"version-history":[{"count":3,"href":"https:\/\/visavie.tn\/index.php?rest_route=\/wp\/v2\/pages\/591\/revisions"}],"predecessor-version":[{"id":1018,"href":"https:\/\/visavie.tn\/index.php?rest_route=\/wp\/v2\/pages\/591\/revisions\/1018"}],"up":[{"embeddable":true,"href":"https:\/\/visavie.tn\/index.php?rest_route=\/wp\/v2\/pages\/548"}],"wp:attachment":[{"href":"https:\/\/visavie.tn\/index.php?rest_route=%2Fwp%2Fv2%2Fmedia&parent=591"}],"curies":[{"name":"wp","href":"https:\/\/api.w.org\/{rel}","templated":true}]}}