{"id":592,"date":"2021-10-25T17:41:03","date_gmt":"2021-10-25T17:41:03","guid":{"rendered":"http:\/\/fastwpdemo.com\/newwp\/vezaconslt\/?page_id=592"},"modified":"2025-08-15T02:38:19","modified_gmt":"2025-08-15T00:38:19","slug":"australia","status":"publish","type":"page","link":"https:\/\/visavie.tn\/?page_id=592","title":{"rendered":"France"},"content":{"rendered":"\t\t<div data-elementor-type=\"wp-page\" data-elementor-id=\"592\" class=\"elementor elementor-592\">\n\t\t\t\t<div class=\"elementor-element elementor-element-efa2250 e-flex e-con-boxed e-con e-parent\" data-id=\"efa2250\" data-element_type=\"container\">\n\t\t\t\t\t<div class=\"e-con-inner\">\n\t\t\t\t<div class=\"elementor-element elementor-element-cefcabe elementor-widget elementor-widget-text-editor\" data-id=\"cefcabe\" data-element_type=\"widget\" data-widget_type=\"text-editor.default\">\n\t\t\t\t<div class=\"elementor-widget-container\">\n\t\t\t\t\t\t\t\t\t<div class=\"kc-elm kc-css-4089291 kc-title-wrap \">\n<div class=\"kc-elm kc-css-4089291 kc-title-wrap \">\n<h1 class=\"kc_title\"><span dir=\"auto\">Visa de touriste\/visiteur pour la France<\/span><\/h1>\n<\/div>\n<div class=\"kc-elm kc-css-4256317 kc_text_block\">\n<h2><span dir=\"auto\">Documents requis pour un visa touristique\/visiteur pour la France<\/span><\/h2>\n<p><span dir=\"auto\">Documents requis : les titulaires d&#8217;un passeport indien demandant un visa touristique pour la France trouveront les informations n\u00e9cessaires sur cette page. Les directives sont \u00e0 suivre pour soumettre les documents n\u00e9cessaires. Pour plus d&#8217;informations sur les visas, veuillez nous contacter<\/span><\/p>\n<p><strong><span dir=\"auto\">1) Billet d&#8217;avion aller-retour confirm\u00e9<\/span><\/strong><br \/><strong><span dir=\"auto\">2) Passeport original<\/span><\/strong><span dir=\"auto\">\u00a0(avec une validit\u00e9 d&#8217;au moins six mois \u00e0 compter de la date de retour du voyage et au moins une page doit \u00eatre vierge des deux c\u00f4t\u00e9s pour le tampon de visa), des copies des anciens passeports montrant l&#8217;historique de voyage doivent \u00e9galement \u00eatre jointes.<\/span><\/p>\n<p><strong><span dir=\"auto\">3) Le formulaire de demande de visa<\/span><\/strong><span dir=\"auto\">\u00a0doit \u00eatre rempli par le demandeur avec 02 signatures.<\/span><\/p>\n<p><strong><span dir=\"auto\">4) Sp\u00e9cifications de la photo\u00a0:<\/span><\/strong><span dir=\"auto\">\u00a0Deux photos d&#8217;identit\u00e9 r\u00e9centes, format passeport, finition mate, couvrant 70\u00a0% du visage et sur fond blanc. Les dimensions de l&#8217;image doivent \u00eatre de 35\u00a0mm x 45\u00a0mm.<\/span><br \/><strong><span dir=\"auto\">5) Lettre de motivation originale<\/span><\/strong><span dir=\"auto\">\u00a0du demandeur, mentionnant les informations de son passeport, ses d\u00e9penses et l&#8217;objet de son voyage. La lettre doit \u00eatre d\u00fbment sign\u00e9e par une personne habilit\u00e9e, avec le cachet de l&#8217;entreprise, et adress\u00e9e au \u00ab\u00a0Consulat g\u00e9n\u00e9ral de France \u00e0 Mumbai\u00a0\u00bb.<\/span><\/p>\n<p><strong><span dir=\"auto\">6) Original et copie de l&#8217;ITR personnel des 3 derni\u00e8res ann\u00e9es<\/span><\/strong><\/p>\n<p><strong><span dir=\"auto\">7) Relev\u00e9 bancaire<\/span><\/strong><span dir=\"auto\">\u00a0refl\u00e9tant les transactions des 6 derniers mois, avec une mention claire du nom et du num\u00e9ro de t\u00e9l\u00e9phone de la banque<\/span><\/p>\n<p><strong><span dir=\"auto\">8) Confirmation de l&#8217;h\u00f4tel selon l&#8217;itin\u00e9raire de voyage<\/span><\/strong><\/p>\n<p><strong><span dir=\"auto\">9) Copies des bulletins de salaire des 3 derniers mois<\/span><\/strong><\/p>\n<\/div>\n<\/div>\t\t\t\t\t\t\t\t<\/div>\n\t\t\t\t<\/div>\n\t\t\t\t\t<\/div>\n\t\t\t\t<\/div>\n\t\t\t\t<\/div>\n\t\t","protected":false},"excerpt":{"rendered":"<p>Visa de touriste\/visiteur pour la France Documents requis pour un visa touristique\/visiteur pour la France Documents requis : les titulaires d&#8217;un passeport indien demandant un visa touristique pour la France trouveront les informations n\u00e9cessaires sur cette page. Les directives sont \u00e0 suivre pour soumettre les documents n\u00e9cessaires. Pour plus d&#8217;informations sur les visas, veuillez nous [&hellip;]<\/p>\n","protected":false},"author":1,"featured_media":0,"parent":548,"menu_order":0,"comment_status":"closed","ping_status":"closed","template":"tpl-default-elementor.php","meta":{"footnotes":""},"class_list":["post-592","page","type-page","status-publish","hentry"],"yoast_head":"<!-- This site is optimized with the Yoast SEO Premium plugin v25.8 (Yoast SEO v25.8) - https:\/\/yoast.com\/wordpress\/plugins\/seo\/ -->\n<title>France - Visavie<\/title>\n<meta name=\"robots\" content=\"index, follow, max-snippet:-1, max-image-preview:large, max-video-preview:-1\" \/>\n<link rel=\"canonical\" href=\"https:\/\/visavie.tn\/?page_id=592\" \/>\n<meta property=\"og:locale\" content=\"fr_FR\" \/>\n<meta property=\"og:type\" content=\"article\" \/>\n<meta property=\"og:title\" content=\"France\" \/>\n<meta property=\"og:description\" content=\"Visa de touriste\/visiteur pour la France Documents requis pour un visa touristique\/visiteur pour la France Documents requis : les titulaires d&#8217;un passeport indien demandant un visa touristique pour la France trouveront les informations n\u00e9cessaires sur cette page. Les directives sont \u00e0 suivre pour soumettre les documents n\u00e9cessaires. Pour plus d&#8217;informations sur les visas, veuillez nous [&hellip;]\" \/>\n<meta property=\"og:url\" content=\"https:\/\/visavie.tn\/?page_id=592\" \/>\n<meta property=\"og:site_name\" content=\"Visavie\" \/>\n<meta property=\"article:publisher\" content=\"https:\/\/www.facebook.com\/profile.php?id=61579119132610\" \/>\n<meta property=\"article:modified_time\" content=\"2025-08-15T00:38:19+00:00\" \/>\n<meta name=\"twitter:card\" content=\"summary_large_image\" \/>\n<meta name=\"twitter:label1\" content=\"Dur\u00e9e de lecture estim\u00e9e\" \/>\n\t<meta name=\"twitter:data1\" content=\"1 minute\" \/>\n<script type=\"application\/ld+json\" class=\"yoast-schema-graph\">{\"@context\":\"https:\/\/schema.org\",\"@graph\":[{\"@type\":\"WebPage\",\"@id\":\"https:\/\/visavie.tn\/?page_id=592\",\"url\":\"https:\/\/visavie.tn\/?page_id=592\",\"name\":\"France - Visavie\",\"isPartOf\":{\"@id\":\"https:\/\/visavie.tn\/#website\"},\"datePublished\":\"2021-10-25T17:41:03+00:00\",\"dateModified\":\"2025-08-15T00:38:19+00:00\",\"breadcrumb\":{\"@id\":\"https:\/\/visavie.tn\/?page_id=592#breadcrumb\"},\"inLanguage\":\"fr-FR\",\"potentialAction\":[{\"@type\":\"ReadAction\",\"target\":[\"https:\/\/visavie.tn\/?page_id=592\"]}]},{\"@type\":\"BreadcrumbList\",\"@id\":\"https:\/\/visavie.tn\/?page_id=592#breadcrumb\",\"itemListElement\":[{\"@type\":\"ListItem\",\"position\":1,\"name\":\"Accueil\",\"item\":\"https:\/\/visavie.tn\/\"},{\"@type\":\"ListItem\",\"position\":2,\"name\":\"Countries\",\"item\":\"https:\/\/visavie.tn\/?page_id=548\"},{\"@type\":\"ListItem\",\"position\":3,\"name\":\"France\"}]},{\"@type\":\"WebSite\",\"@id\":\"https:\/\/visavie.tn\/#website\",\"url\":\"https:\/\/visavie.tn\/\",\"name\":\"Visavie\",\"description\":\"Le visa est un droit, ce n&#039;est pas un privil\u00e8ge\",\"publisher\":{\"@id\":\"https:\/\/visavie.tn\/#organization\"},\"potentialAction\":[{\"@type\":\"SearchAction\",\"target\":{\"@type\":\"EntryPoint\",\"urlTemplate\":\"https:\/\/visavie.tn\/?s={search_term_string}\"},\"query-input\":{\"@type\":\"PropertyValueSpecification\",\"valueRequired\":true,\"valueName\":\"search_term_string\"}}],\"inLanguage\":\"fr-FR\"},{\"@type\":\"Organization\",\"@id\":\"https:\/\/visavie.tn\/#organization\",\"name\":\"Visavie\",\"url\":\"https:\/\/visavie.tn\/\",\"logo\":{\"@type\":\"ImageObject\",\"inLanguage\":\"fr-FR\",\"@id\":\"https:\/\/visavie.tn\/#\/schema\/logo\/image\/\",\"url\":\"https:\/\/visavie.tn\/wp-content\/uploads\/2025\/08\/cropped-logoweb-copie-2.png\",\"contentUrl\":\"https:\/\/visavie.tn\/wp-content\/uploads\/2025\/08\/cropped-logoweb-copie-2.png\",\"width\":1063,\"height\":250,\"caption\":\"Visavie\"},\"image\":{\"@id\":\"https:\/\/visavie.tn\/#\/schema\/logo\/image\/\"},\"sameAs\":[\"https:\/\/www.facebook.com\/profile.php?id=61579119132610\",\"https:\/\/www.instagram.com\/visavie1\"]}]}<\/script>\n<!-- \/ Yoast SEO Premium plugin. -->","yoast_head_json":{"title":"France - Visavie","robots":{"index":"index","follow":"follow","max-snippet":"max-snippet:-1","max-image-preview":"max-image-preview:large","max-video-preview":"max-video-preview:-1"},"canonical":"https:\/\/visavie.tn\/?page_id=592","og_locale":"fr_FR","og_type":"article","og_title":"France","og_description":"Visa de touriste\/visiteur pour la France Documents requis pour un visa touristique\/visiteur pour la France Documents requis : les titulaires d&#8217;un passeport indien demandant un visa touristique pour la France trouveront les informations n\u00e9cessaires sur cette page. Les directives sont \u00e0 suivre pour soumettre les documents n\u00e9cessaires. Pour plus d&#8217;informations sur les visas, veuillez nous [&hellip;]","og_url":"https:\/\/visavie.tn\/?page_id=592","og_site_name":"Visavie","article_publisher":"https:\/\/www.facebook.com\/profile.php?id=61579119132610","article_modified_time":"2025-08-15T00:38:19+00:00","twitter_card":"summary_large_image","twitter_misc":{"Dur\u00e9e de lecture estim\u00e9e":"1 minute"},"schema":{"@context":"https:\/\/schema.org","@graph":[{"@type":"WebPage","@id":"https:\/\/visavie.tn\/?page_id=592","url":"https:\/\/visavie.tn\/?page_id=592","name":"France - Visavie","isPartOf":{"@id":"https:\/\/visavie.tn\/#website"},"datePublished":"2021-10-25T17:41:03+00:00","dateModified":"2025-08-15T00:38:19+00:00","breadcrumb":{"@id":"https:\/\/visavie.tn\/?page_id=592#breadcrumb"},"inLanguage":"fr-FR","potentialAction":[{"@type":"ReadAction","target":["https:\/\/visavie.tn\/?page_id=592"]}]},{"@type":"BreadcrumbList","@id":"https:\/\/visavie.tn\/?page_id=592#breadcrumb","itemListElement":[{"@type":"ListItem","position":1,"name":"Accueil","item":"https:\/\/visavie.tn\/"},{"@type":"ListItem","position":2,"name":"Countries","item":"https:\/\/visavie.tn\/?page_id=548"},{"@type":"ListItem","position":3,"name":"France"}]},{"@type":"WebSite","@id":"https:\/\/visavie.tn\/#website","url":"https:\/\/visavie.tn\/","name":"Visavie","description":"Le visa est un droit, ce n&#039;est pas un privil\u00e8ge","publisher":{"@id":"https:\/\/visavie.tn\/#organization"},"potentialAction":[{"@type":"SearchAction","target":{"@type":"EntryPoint","urlTemplate":"https:\/\/visavie.tn\/?s={search_term_string}"},"query-input":{"@type":"PropertyValueSpecification","valueRequired":true,"valueName":"search_term_string"}}],"inLanguage":"fr-FR"},{"@type":"Organization","@id":"https:\/\/visavie.tn\/#organization","name":"Visavie","url":"https:\/\/visavie.tn\/","logo":{"@type":"ImageObject","inLanguage":"fr-FR","@id":"https:\/\/visavie.tn\/#\/schema\/logo\/image\/","url":"https:\/\/visavie.tn\/wp-content\/uploads\/2025\/08\/cropped-logoweb-copie-2.png","contentUrl":"https:\/\/visavie.tn\/wp-content\/uploads\/2025\/08\/cropped-logoweb-copie-2.png","width":1063,"height":250,"caption":"Visavie"},"image":{"@id":"https:\/\/visavie.tn\/#\/schema\/logo\/image\/"},"sameAs":["https:\/\/www.facebook.com\/profile.php?id=61579119132610","https:\/\/www.instagram.com\/visavie1"]}]}},"_links":{"self":[{"href":"https:\/\/visavie.tn\/index.php?rest_route=\/wp\/v2\/pages\/592","targetHints":{"allow":["GET"]}}],"collection":[{"href":"https:\/\/visavie.tn\/index.php?rest_route=\/wp\/v2\/pages"}],"about":[{"href":"https:\/\/visavie.tn\/index.php?rest_route=\/wp\/v2\/types\/page"}],"author":[{"embeddable":true,"href":"https:\/\/visavie.tn\/index.php?rest_route=\/wp\/v2\/users\/1"}],"replies":[{"embeddable":true,"href":"https:\/\/visavie.tn\/index.php?rest_route=%2Fwp%2Fv2%2Fcomments&post=592"}],"version-history":[{"count":7,"href":"https:\/\/visavie.tn\/index.php?rest_route=\/wp\/v2\/pages\/592\/revisions"}],"predecessor-version":[{"id":1028,"href":"https:\/\/visavie.tn\/index.php?rest_route=\/wp\/v2\/pages\/592\/revisions\/1028"}],"up":[{"embeddable":true,"href":"https:\/\/visavie.tn\/index.php?rest_route=\/wp\/v2\/pages\/548"}],"wp:attachment":[{"href":"https:\/\/visavie.tn\/index.php?rest_route=%2Fwp%2Fv2%2Fmedia&parent=592"}],"curies":[{"name":"wp","href":"https:\/\/api.w.org\/{rel}","templated":true}]}}